{"id":141,"date":"2016-10-18T09:41:32","date_gmt":"2016-10-18T09:41:32","guid":{"rendered":"http:\/\/asianitbd.com\/wp\/hopemedical\/?page_id=141"},"modified":"2022-05-29T19:44:34","modified_gmt":"2022-05-29T19:44:34","slug":"home-style-three","status":"publish","type":"page","link":"https:\/\/www.ozonoterapiasanremo.it\/","title":{"rendered":"Home Style Three"},"content":{"rendered":"<p>[vc_row][vc_column][rev_slider_vc alias=&#8221;homepage2&#8243; el_class=&#8221;main-slider&#8221;][\/vc_column][\/vc_row][vc_row][vc_column]\r\n<!--Desc Box-->\r\n<div class=\"desc-box\">\r\n    <div class=\"auto-container\">\r\n        <div class=\"sec-title no-underline\">\r\n            <h3><\/h3>\r\n            <h2>Ozonoterapia, come funziona e per quali patologie \u00e8 indicata<\/h2>\r\n            <p>L\u2019ossigeno-ozonoterapia \u00e8 un trattamento medico che si basa su una miscela di ozono e ossigeno che ha un\u2019azione antidolorifica, antinfiammatoria, antibatterica e rivitalizzante dei tessuti. Grazie ai suoi tanti benefici, permette di trattare un ampio ventaglio di disturbi e malattie <\/p>\r\n        <\/div>\r\n    <\/div>\r\n<\/div>\r\n\r\n[vc_single_image image=&#8221;653&#8243; img_size=&#8221;full&#8221; alignment=&#8221;center&#8221; css=&#8221;.vc_custom_1653675524476{padding-top: 0px !important;padding-right: 0px !important;padding-bottom: 0px !important;padding-left: 0px !important;}&#8221;]   \r\n\r\n<!--Top Services-->\r\n<section class=\"top-services\">\r\n    <div class=\"auto-container\">\r\n        <div class=\"sec-title\">\r\n            <h3>una terapia completamente naturale, la cui efficacia in una vasta gamma di patologie \u00e8 clinicamente e scientificamente provata.<\/h3>\r\n            <h2>I benefici dell\u2019ozono<\/h2>\r\n            <div class=\"line\"><\/div>\r\n        <\/div>\r\n        <div class=\"row clearfix\">\r\n\t\t\t            <!--Column-->\r\n            <div class=\"col-md-4 col-sm-6 col-xs-12 column\">\r\n                <article class=\"inner-box\">\r\n                    <div class=\"icon\"><span class=\"fa fa-star\"><\/span><\/div>\r\n                    <div class=\"content\">\r\n                        <h3>Migliora il microcircolo<\/h3>\r\n                        <div class=\"text\">\r\n                            <p>l\u2019ozonoterapia per capillari e insufficienze venose<\/p>\r\n                        <\/div>\r\n                    <\/div>\r\n                <\/article>\r\n            <\/div>\r\n\t\t\t            <!--Column-->\r\n            <div class=\"col-md-4 col-sm-6 col-xs-12 column\">\r\n                <article class=\"inner-box\">\r\n                    <div class=\"icon\"><span class=\"fa fa-star\"><\/span><\/div>\r\n                    <div class=\"content\">\r\n                        <h3>Azione Antinfiammatoria<\/h3>\r\n                        <div class=\"text\">\r\n                            <p>agisce contro il dolore e l\u2019infiammazione<\/p>\r\n                        <\/div>\r\n                    <\/div>\r\n                <\/article>\r\n            <\/div>\r\n\t\t\t            <!--Column-->\r\n            <div class=\"col-md-4 col-sm-6 col-xs-12 column\">\r\n                <article class=\"inner-box\">\r\n                    <div class=\"icon\"><span class=\"fa fa-star\"><\/span><\/div>\r\n                    <div class=\"content\">\r\n                        <h3>Azione Antiet\u00e0 e  Ossigenazione Cellulare<\/h3>\r\n                        <div class=\"text\">\r\n                            <p>l\u2019ozonoterapia favorisce il rilascio e l\u2019utilizzo dell\u2019ossigeno corporeo<\/p>\r\n                        <\/div>\r\n                    <\/div>\r\n                <\/article>\r\n            <\/div>\r\n\t\t\t            <!--Column-->\r\n            <div class=\"col-md-4 col-sm-6 col-xs-12 column\">\r\n                <article class=\"inner-box\">\r\n                    <div class=\"icon\"><span class=\"fa fa-star\"><\/span><\/div>\r\n                    <div class=\"content\">\r\n                        <h3>Azione Analgesica<\/h3>\r\n                        <div class=\"text\">\r\n                            <p>l\u2019ozonoterapia \u00e8 una delle tecniche pi\u00f9 naturali e pi\u00f9 efficaci per trattare le manifestazioni dolorose di varia natura e origine , inopltre agisce contro il dolore e l\u2019infiammazione<\/p>\r\n                        <\/div>\r\n                    <\/div>\r\n                <\/article>\r\n            <\/div>\r\n\t\t\t            <!--Column-->\r\n            <div class=\"col-md-4 col-sm-6 col-xs-12 column\">\r\n                <article class=\"inner-box\">\r\n                    <div class=\"icon\"><span class=\"fa fa-star\"><\/span><\/div>\r\n                    <div class=\"content\">\r\n                        <h3>Rigenerazione Osteoarticolare<\/h3>\r\n                        <div class=\"text\">\r\n                            <p>motivo per il quale l\u2019ozonoterapia applicata a Ernia Discale, Reumatismi Articolare, ecc. porta a grandi miglioramenti!<\/p>\r\n                        <\/div>\r\n                    <\/div>\r\n                <\/article>\r\n            <\/div>\r\n\t\t\t            <!--Column-->\r\n            <div class=\"col-md-4 col-sm-6 col-xs-12 column\">\r\n                <article class=\"inner-box\">\r\n                    <div class=\"icon\"><span class=\"fa fa-star\"><\/span><\/div>\r\n                    <div class=\"content\">\r\n                        <h3>Azione Germicida<\/h3>\r\n                        <div class=\"text\">\r\n                            <p>azione fungicida, antibatterica ed antivirale; praticamente non c\u2019\u00e8 microrganismo che resiste all&#8217;ozono<\/p>\r\n                        <\/div>\r\n                    <\/div>\r\n                <\/article>\r\n            <\/div>\r\n\t\t\t        <\/div>\r\n    <\/div>\r\n<\/section>\r\n\r\n\r\n[\/vc_column][\/vc_row][vc_row][vc_column]\r\n<!--Why Us Section-->\r\n<section class=\"why-us-section\">\r\n    \r\n    <div class=\"bg-grey\"><\/div>\r\n    <div class=\"bg-image\" style=\"background-image:url('https:\/\/www.ozonoterapiasanremo.it\/wp-content\/uploads\/2022\/05\/ozonoterapia-diagnosi.jpeg');\"><\/div>\r\n    \r\n    <div class=\"auto-container\">\r\n        <div class=\"row clearfix\">\r\n            <div class=\"col-md-6 col-sm-6 col-xs-12 content-column\">\r\n                <article class=\"inner-box\">\r\n                    <div class=\"sec-title style-two style-three\">\r\n                        <h3 class=\"text-left\">Ozonoterapia, gli ambiti in cui viene utilizzata<\/h3>\r\n                        <h2 class=\"text-left\">Diversi contesti vedono l'utilizzo dell0 ossigeno -ozonoterapia<\/h2>\r\n                        <div class=\"line\"><\/div>\r\n                    <\/div>\r\n\t\t\t\t\t                    <div class=\"block\">\r\n                        <div class=\"number wow rollIn\" data-wow-delay=\"0ms\" data-wow-duration=\"1500ms\">1<\/div>\r\n                        <h4>Medicina Sportiva<\/h4>\r\n                        <p> i cosiddetti \u2018ormoni del benessere\u2019, che bloccano la trasmissione del segnale nocivo e rilasciano una sensazione di euforia; \n<\/p>\r\n                     <\/div>\r\n                \t                    <div class=\"block\">\r\n                        <div class=\"number wow rollIn\" data-wow-delay=\"0ms\" data-wow-duration=\"1500ms\">2<\/div>\r\n                        <h4>Medicina Fisica e Riabilitativa<\/h4>\r\n                        <p>accorcia i tempi di recupero, riduzione del ricorso al trattamento chirurgico, stimolazione della rigenerazione osteoarticolare, funzione antinfiammatoria, antivirale, analgesica, antibatterica, antimicotica.<\/p>\r\n                     <\/div>\r\n                \t                    <div class=\"block\">\r\n                        <div class=\"number wow rollIn\" data-wow-delay=\"0ms\" data-wow-duration=\"1500ms\">3<\/div>\r\n                        <h4>Medicina estetica e Programma antiage<\/h4>\r\n                        <p>favorisce l\u2019attivazione dei meccanismi anti-ossidanti endogeni, ovvero prodotti direttamente dal nostro organismo<\/p>\r\n                     <\/div>\r\n                \t                <\/article>\r\n            <\/div>\r\n        <\/div>\r\n    <\/div>\r\n<\/section>\r\n\r\n[\/vc_column][\/vc_row][vc_row][vc_column]\r\n<!--Get Quote Section-->\r\n<section class=\"get-quote\" style=\"background-image:url('https:\/\/www.ozonoterapiasanremo.it\/wp-content\/uploads\/2022\/05\/ozonoterapia-per-il-trattamento-dell-ernia-del-disco-1200-675.jpeg')\">\r\n    <div class=\"container p-0\">\r\n        <div class=\"row clearfix\">\r\n            \r\n            <!--Column-->\r\n            <div class=\"col-md-6 col-sm-12 col-xs-12 wow slideInLeft p-0\" data-wow-delay=\"0ms\" data-wow-duration=\"1500ms\">\r\n                <img class=\"img-responsive\" src=\"https:\/\/www.ozonoterapiasanremo.it\/wp-content\/uploads\/2022\/05\/podoiatraonline-scaled.jpg\" alt=\"Image\">\r\n            <\/div>\r\n            \r\n            <!--Column-->\r\n            <div class=\"col-md-6 col-sm-12 col-xs-12 wow slideInRight mt-sm-30 mb-sm-30\">\r\n                <div class=\"sec-title style-three\">\r\n                    <h3>Richiedi maggiori informazioni<\/h3>\r\n                    <h2>Prenota un consulto<\/h2>\r\n                    <div class=\"line-center\"><\/div>\r\n                <\/div>\r\n                <div class=\"form wow fadeInRight\" data-wow-delay=\"0ms\" data-wow-duration=\"1500ms\">\r\n                    <div role=\"form\" class=\"wpcf7\" id=\"wpcf7-f597-o1\" lang=\"en-US\" dir=\"ltr\">\n<div class=\"screen-reader-response\"><p role=\"status\" aria-live=\"polite\" aria-atomic=\"true\"><\/p> <ul><\/ul><\/div>\n<form action=\"\/index.php?rest_route=%2Fwp%2Fv2%2Fpages%2F141#wpcf7-f597-o1\" method=\"post\" class=\"wpcf7-form init\" novalidate=\"novalidate\" data-status=\"init\">\n<div style=\"display: none;\">\n<input type=\"hidden\" name=\"_wpcf7\" value=\"597\" \/>\n<input type=\"hidden\" name=\"_wpcf7_version\" value=\"5.4.2\" \/>\n<input type=\"hidden\" name=\"_wpcf7_locale\" value=\"en_US\" \/>\n<input type=\"hidden\" name=\"_wpcf7_unit_tag\" value=\"wpcf7-f597-o1\" \/>\n<input type=\"hidden\" name=\"_wpcf7_container_post\" value=\"0\" \/>\n<input type=\"hidden\" name=\"_wpcf7_posted_data_hash\" value=\"\" \/>\n<\/div>\n<div class=\"row clearfix\">\n<div class=\"col-md-6 col-sm-6 col-xs-12 form-group\">\n        <span class=\"wpcf7-form-control-wrap text-968\"><input type=\"text\" name=\"text-968\" value=\"\" size=\"40\" class=\"wpcf7-form-control wpcf7-text wpcf7-validates-as-required\" aria-required=\"true\" aria-invalid=\"false\" placeholder=\"First Name\" \/><\/span>\n    <\/div>\n<div class=\"col-md-6 col-sm-6 col-xs-12 form-group\">\n        <span class=\"wpcf7-form-control-wrap text-969\"><input type=\"text\" name=\"text-969\" value=\"\" size=\"40\" class=\"wpcf7-form-control wpcf7-text wpcf7-validates-as-required\" aria-required=\"true\" aria-invalid=\"false\" placeholder=\"Last Name\" \/><\/span>\n    <\/div>\n<div class=\"col-md-6 col-sm-6 col-xs-12 form-group\">\n        <span class=\"wpcf7-form-control-wrap email-517\"><input type=\"email\" name=\"email-517\" value=\"\" size=\"40\" class=\"wpcf7-form-control wpcf7-text wpcf7-email wpcf7-validates-as-required wpcf7-validates-as-email\" aria-required=\"true\" aria-invalid=\"false\" placeholder=\"Email\" \/><\/span>\n    <\/div>\n<div class=\"col-md-6 col-sm-6 col-xs-12 form-group\">\n        <span class=\"wpcf7-form-control-wrap text-970\"><input type=\"text\" name=\"text-970\" value=\"\" size=\"40\" class=\"wpcf7-form-control wpcf7-text wpcf7-validates-as-required\" aria-required=\"true\" aria-invalid=\"false\" placeholder=\"Phone\" \/><\/span>\n    <\/div>\n<div class=\"col-md-6 col-sm-6 col-xs-12 form-group\">\n        <span class=\"wpcf7-form-control-wrap text-971\"><input type=\"text\" name=\"text-971\" value=\"\" size=\"40\" class=\"wpcf7-form-control wpcf7-text wpcf7-validates-as-required datepicker\" aria-required=\"true\" aria-invalid=\"false\" placeholder=\"Appointment Date\" \/><\/span>\n    <\/div>\n<div class=\"col-md-6 col-sm-6 col-xs-12 form-group\">\n        <span class=\"wpcf7-form-control-wrap text-972\"><input type=\"text\" name=\"text-972\" value=\"\" size=\"40\" class=\"wpcf7-form-control wpcf7-text wpcf7-validates-as-required timepicker\" aria-required=\"true\" aria-invalid=\"false\" placeholder=\"Appointment Time\" \/><\/span>\n    <\/div>\n<div class=\"col-md-12 col-sm-12 col-xs-12 form-group\">\n        <span class=\"wpcf7-form-control-wrap textarea-785\"><textarea name=\"textarea-785\" cols=\"40\" rows=\"10\" class=\"wpcf7-form-control wpcf7-textarea\" aria-invalid=\"false\" placeholder=\"Describe Your Needs to Us\"><\/textarea><\/span>\n    <\/div>\n<div class=\"col-md-6 col-md-offset-3 col-sm-12 col-xs-12 form-group text-center\">\n        <input type=\"submit\" value=\"SUBMIT\" class=\"wpcf7-form-control wpcf7-submit theme-btn normal-btn\" \/>\n    <\/div>\n<\/div>\n<div class=\"wpcf7-response-output\" aria-hidden=\"true\"><\/div><\/form><\/div>                <\/div>\r\n            <\/div>\t\r\n            \r\n            \r\n        <\/div>\r\n    <\/div>\r\n<\/section>\r\n    \r\n[\/vc_column][\/vc_row][vc_row][vc_column]\r\n<!--Parallax Section-->\r\n<section class=\"parallax-section\" style=\"background-image:url();\">\r\n    <div class=\"auto-container\">\r\n        <div class=\"text-center wow fadeInUp\" data-wow-delay=\"250ms\" data-wow-duration=\"1500ms\">\r\n            <h2>SCOPRI SUL SITO <strong>PODOMEDICA<\/strong> TUTTI GLI ALTRI SERVIZI <strong>PER TE<\/strong><\/h2>\r\n            <div class=\"line\"><\/div>\r\n            <a class=\"theme-btn default-btn\" href=\"https:\/\/www.podomedica.it\/\">VISITA IL SITO<\/a>\r\n            <a class=\"theme-btn normal-btn\" href=\"https:\/\/www.podomedica.it\/\">SEGUICI SU FACEBOOK<\/a>\r\n        <\/div>\r\n    <\/div>\r\n<\/section>\r\n\r\n[\/vc_column][\/vc_row]<\/p>\n","protected":false},"excerpt":{"rendered":"<p>[vc_row][vc_column][rev_slider_vc alias=&#8221;homepage2&#8243; el_class=&#8221;main-slider&#8221;][\/vc_column][\/vc_row][vc_row][vc_column][vc_single_image image=&#8221;653&#8243; img_size=&#8221;full&#8221; alignment=&#8221;center&#8221; css=&#8221;.vc_custom_1653675524476{padding-top: 0px !important;padding-right: 0px !important;padding-bottom: 0px !important;padding-left: 0px !important;}&#8221;][\/vc_column][\/vc_row][vc_row][vc_column][\/vc_column][\/vc_row][vc_row][vc_column][\/vc_column][\/vc_row][vc_row][vc_column][\/vc_column][\/vc_row]<\/p>\n","protected":false},"author":1,"featured_media":0,"parent":0,"menu_order":0,"comment_status":"closed","ping_status":"closed","template":"tpl-visual_composer.php","meta":[],"_links":{"self":[{"href":"https:\/\/www.ozonoterapiasanremo.it\/index.php?rest_route=\/wp\/v2\/pages\/141"}],"collection":[{"href":"https:\/\/www.ozonoterapiasanremo.it\/index.php?rest_route=\/wp\/v2\/pages"}],"about":[{"href":"https:\/\/www.ozonoterapiasanremo.it\/index.php?rest_route=\/wp\/v2\/types\/page"}],"author":[{"embeddable":true,"href":"https:\/\/www.ozonoterapiasanremo.it\/index.php?rest_route=\/wp\/v2\/users\/1"}],"replies":[{"embeddable":true,"href":"https:\/\/www.ozonoterapiasanremo.it\/index.php?rest_route=%2Fwp%2Fv2%2Fcomments&post=141"}],"version-history":[{"count":16,"href":"https:\/\/www.ozonoterapiasanremo.it\/index.php?rest_route=\/wp\/v2\/pages\/141\/revisions"}],"predecessor-version":[{"id":665,"href":"https:\/\/www.ozonoterapiasanremo.it\/index.php?rest_route=\/wp\/v2\/pages\/141\/revisions\/665"}],"wp:attachment":[{"href":"https:\/\/www.ozonoterapiasanremo.it\/index.php?rest_route=%2Fwp%2Fv2%2Fmedia&parent=141"}],"curies":[{"name":"wp","href":"https:\/\/api.w.org\/{rel}","templated":true}]}}